{"id":2059,"date":"2019-05-12T18:24:39","date_gmt":"2019-05-12T18:24:39","guid":{"rendered":"https:\/\/vmcompeticion.com\/?page_id=2059"},"modified":"2025-07-11T15:15:03","modified_gmt":"2025-07-11T15:15:03","slug":"vm-competicion","status":"publish","type":"page","link":"https:\/\/vmcompeticion.com\/en\/","title":{"rendered":"VM Competici\u00f3n"},"content":{"rendered":"<p>[vc_row full_width=&#8221;stretch_row_content_no_spaces&#8221; css=&#8221;.vc_custom_1453282557222{border-bottom-width: 0px !important;padding-top: 0px !important;padding-bottom: 0px !important;}&#8221;][vc_column]<div id=\"home-slider\" class=\"flexslider \"><ul class=\"slides\"><li><div class=\"slide-image\" style=\"background-image: url(https:\/\/vmcompeticion.com\/wp-content\/uploads\/2018\/11\/vm-competicion-buggy-01.jpg);\"><\/div><div class=\"slide-wrap\"><div class=\"slide-content  \"><div class=\"container\"><h1 class=\"\">Passion<span class=\"red-dot\"><\/span><\/h1><h6>For our work.<\/h6><p><a class=\"btn btn-color \" href=\"https:\/\/vmcompeticion.com\/en\/vehicles\/\" >VEHICLES<\/a><a class=\"btn btn-light-out \" href=\"https:\/\/vmcompeticion.com\/en\/blog\/\" >NEWS<\/a><\/p><\/div><\/div><\/div><\/li><li><div class=\"slide-image\" style=\"background-image: url(https:\/\/vmcompeticion.com\/wp-content\/uploads\/2025\/07\/EXTR_MAV_03.jpg);\"><\/div><div class=\"slide-wrap\"><div class=\"slide-content  \"><div class=\"container\"><h1 class=\"\">Passion<span class=\"red-dot\"><\/span><\/h1><h6>For our work.<\/h6><p><a class=\"btn btn-color \" href=\"https:\/\/vmcompeticion.com\/en\/vehicles\/\" >VEHICLES<\/a><a class=\"btn btn-light-out \" href=\"https:\/\/vmcompeticion.com\/en\/blog\/\" >NEWS<\/a><\/p><\/div><\/div><\/div><\/li><li><div class=\"slide-image\" style=\"background-image: url(https:\/\/vmcompeticion.com\/wp-content\/uploads\/2019\/02\/vm-t3-cvt-portada.jpg);\"><\/div><div class=\"slide-wrap\"><div class=\"slide-content  \"><div class=\"container\"><h1 class=\"\">Passion<span class=\"red-dot\"><\/span><\/h1><h6>For our work.<\/h6><p><a class=\"btn btn-color \" href=\"https:\/\/vmcompeticion.com\/en\/vehicles\/\" >VEHICLES<\/a><a class=\"btn btn-light-out \" href=\"https:\/\/vmcompeticion.com\/en\/blog\/\" >NEWS<\/a><\/p><\/div><\/div><\/div><\/li><li><div class=\"slide-image\" style=\"background-image: url(https:\/\/vmcompeticion.com\/wp-content\/uploads\/2018\/11\/vm-competicion-4X4-01.jpg);\"><\/div><div class=\"slide-wrap\"><div class=\"slide-content  \"><div class=\"container\"><h1 class=\"\">Passion<span class=\"red-dot\"><\/span><\/h1><h6>For our work.<\/h6><p><a class=\"btn btn-color \" href=\"https:\/\/vmcompeticion.com\/en\/vehicles\/\" >VEHICLES<\/a><a class=\"btn btn-light-out \" href=\"https:\/\/vmcompeticion.com\/en\/blog\/\" >NEWS<\/a><\/p><\/div><\/div><\/div><\/li><li><div class=\"slide-image\" style=\"background-image: url(https:\/\/vmcompeticion.com\/wp-content\/uploads\/2019\/02\/VM-T3-4.jpg);\"><\/div><div class=\"slide-wrap\"><div class=\"slide-content  \"><div class=\"container\"><h1 class=\"\">Passion<span class=\"red-dot\"><\/span><\/h1><h6>For our work.<\/h6><p><a class=\"btn btn-color \" href=\"https:\/\/vmcompeticion.com\/en\/vehicles\/\" >VEHICLES<\/a><a class=\"btn btn-light-out \" href=\"https:\/\/vmcompeticion.com\/en\/blog\/\" >NEWS<\/a><\/p><\/div><\/div><\/div><\/li><li><div class=\"slide-image\" style=\"background-image: url(https:\/\/vmcompeticion.com\/wp-content\/uploads\/2021\/04\/VMComp_Ordaz_R_01-2.jpg);\"><\/div><div class=\"slide-wrap\"><div class=\"slide-content  \"><div class=\"container\"><h1 class=\"\">Passion<span class=\"red-dot\"><\/span><\/h1><h6>For our work.<\/h6><p><a class=\"btn btn-color \" href=\"https:\/\/vmcompeticion.com\/en\/vehicles\/\" >VEHICLES<\/a><a class=\"btn btn-light-out \" href=\"https:\/\/vmcompeticion.com\/en\/blog\/\" >NEWS<\/a><\/p><\/div><\/div><\/div><\/li><li><div class=\"slide-image\" style=\"background-image: url(https:\/\/vmcompeticion.com\/wp-content\/uploads\/2019\/02\/VM-T3-4-portada.jpg);\"><\/div><div class=\"slide-wrap\"><div class=\"slide-content  \"><div class=\"container\"><h1 class=\"\">Passion<span class=\"red-dot\"><\/span><\/h1><h6>For our work.<\/h6><p><a class=\"btn btn-color \" href=\"https:\/\/vmcompeticion.com\/en\/vehicles\/\" >VEHICLES<\/a><a class=\"btn btn-light-out \" href=\"https:\/\/vmcompeticion.com\/en\/blog\/\" >NEWS<\/a><\/p><\/div><\/div><\/div><\/li><\/ul><\/div>[\/vc_column][\/vc_row][vc_row][vc_column]<div class=\"title center\"><h4 class=\"upper \">Racing<\/h4><h2 class=\"\">We are<span class=\"red-dot\"><\/span><\/h2><hr><\/div>[vc_row_inner el_class=&#8221;section-content&#8221;][vc_column_inner offset=&#8221;vc_col-md-offset-2 vc_col-md-8&#8243;][vc_column_text font_style=&#8221;serif&#8221;]<\/p>\n<p style=\"font-size: 21px; text-align: center;\">We\u2019re passionate about our work, and we take care of every detail in our cars.<\/p>\n<p>[\/vc_column_text][\/vc_column_inner][\/vc_row_inner][\/vc_column][\/vc_row][vc_row full_width=&#8221;stretch_row_content_no_spaces&#8221; css=&#8221;.vc_custom_1453203872564{border-bottom-width: 0px !important;padding-bottom: 0px !important;}&#8221;][vc_column]<div class=\"container\"><div class=\"row\"><div class=\"col-md-6\"><div class=\"title m-0 txt-xs-center txt-sm-center\"><h2 class=\"upper\">Our Vehicles<span class=\"red-dot\"><\/span><\/h2><hr><\/div><\/div><div class=\"col-md-6\"><ul id=\"filters\" class=\"no-fix mt-25\"><li data-filter=\"*\" class=\"active\">All<\/li><li data-filter=\".c-778ea11a5b1ecae38ef1d5dcc18e79fb\">VM KFR-A1<\/li> <li data-filter=\".c-2768f3cc47d2edef2c7ef16ce9d7f219\">VM T3<\/li> <li data-filter=\".c-33b1ffaf0be13fff7c6b017efd2e8564\">VM T3 ordaz-R<\/li> <li data-filter=\".c-36e949ddc0af6e8ae5de68ee42c613ec\">VM T4<\/li> <\/ul><\/div><\/div><\/div><div id=\"works-grid\" class=\"wide four-col\"><div class=\"work-item c-778ea11a5b1ecae38ef1d5dcc18e79fb\"><div class=\"work-detail\"><a href=\"https:\/\/vmcompeticion.com\/en\/portfolio\/vm-kfr-a1\/\"><img decoding=\"async\" src=\"https:\/\/vmcompeticion.com\/wp-content\/uploads\/2018\/01\/VM-KFR-A1-960x960.jpg\" alt=\"VM KFR-A1\"><div class=\"work-info\"><div class=\"centrize\"><div class=\"v-center\"><h3>VM KFR-A1<\/h3><p>VM KFR-A1<\/p><\/div><\/div><\/div><\/a><\/div><\/div><div class=\"work-item c-2768f3cc47d2edef2c7ef16ce9d7f219\"><div class=\"work-detail\"><a href=\"https:\/\/vmcompeticion.com\/en\/portfolio\/vm-t3\/\"><img decoding=\"async\" src=\"https:\/\/vmcompeticion.com\/wp-content\/uploads\/2018\/12\/VM-T3-4-vm-competicion-mini-960x960.jpg\" alt=\"VM T3\"><div class=\"work-info\"><div class=\"centrize\"><div class=\"v-center\"><h3>VM T3<\/h3><p>VM T3<\/p><\/div><\/div><\/div><\/a><\/div><\/div><div class=\"work-item c-33b1ffaf0be13fff7c6b017efd2e8564\"><div class=\"work-detail\"><a href=\"https:\/\/vmcompeticion.com\/en\/portfolio\/vm-t3-ordaz-r\/\"><img decoding=\"async\" src=\"https:\/\/vmcompeticion.com\/wp-content\/uploads\/2021\/04\/VMComp_Ordaz_R_02_Menu.jpg\" alt=\"VM T3 ordaz-R\"><div class=\"work-info\"><div class=\"centrize\"><div class=\"v-center\"><h3>VM T3 ordaz-R<\/h3><p>VM T3 ordaz-R<\/p><\/div><\/div><\/div><\/a><\/div><\/div><div class=\"work-item \"><div class=\"work-detail\"><a href=\"https:\/\/vmcompeticion.com\/en\/portfolio\/vm-t4\/\"><img decoding=\"async\" src=\"https:\/\/vmcompeticion.com\/wp-content\/uploads\/2021\/06\/VM-T4-Menu-Destacada-02.jpg\" alt=\"VM T4\"><div class=\"work-info\"><div class=\"centrize\"><div class=\"v-center\"><h3>VM T4<\/h3><p><\/p><\/div><\/div><\/div><\/a><\/div><\/div><\/div>[\/vc_column][\/vc_row]<\/p>\n","protected":false},"excerpt":{"rendered":"<p>[vc_row full_width=&#8221;stretch_row_content_no_spaces&#8221; css=&#8221;.vc_custom_1453282557222{border-bottom-width: 0px !important;padding-top: 0px !important;padding-bottom: 0px !important;}&#8221;][vc_column][\/vc_column][\/vc_row][vc_row][vc_column][vc_row_inner el_class=&#8221;section-content&#8221;][vc_column_inner offset=&#8221;vc_col-md-offset-2 vc_col-md-8&#8243;][vc_column_text font_style=&#8221;serif&#8221;] We\u2019re passionate about our work, and we take care of every detail in our cars. [\/vc_column_text][\/vc_column_inner][\/vc_row_inner][\/vc_column][\/vc_row][vc_row full_width=&#8221;stretch_row_content_no_spaces&#8221; css=&#8221;.vc_custom_1453203872564{border-bottom-width: 0px !important;padding-bottom: 0px !important;}&#8221;][vc_column][\/vc_column][\/vc_row]<\/p>\n","protected":false},"author":1,"featured_media":0,"parent":0,"menu_order":0,"comment_status":"closed","ping_status":"closed","template":"","meta":{"inline_featured_image":false,"footnotes":""},"class_list":["post-2059","page","type-page","status-publish","hentry"],"yoast_head":"<!-- This site is optimized with the Yoast SEO plugin v27.3 - https:\/\/yoast.com\/product\/yoast-seo-wordpress\/ -->\n<title>VM Competici\u00f3n - VM Competici\u00f3n<\/title>\n<meta name=\"robots\" content=\"index, follow, max-snippet:-1, max-image-preview:large, max-video-preview:-1\" \/>\n<link rel=\"canonical\" href=\"https:\/\/vmcompeticion.com\/en\/\" \/>\n<meta property=\"og:locale\" content=\"en_US\" \/>\n<meta property=\"og:type\" content=\"article\" \/>\n<meta property=\"og:title\" content=\"VM Competici\u00f3n - VM Competici\u00f3n\" \/>\n<meta property=\"og:description\" content=\"[vc_row full_width=&#8221;stretch_row_content_no_spaces&#8221; css=&#8221;.vc_custom_1453282557222{border-bottom-width: 0px !important;padding-top: 0px !important;padding-bottom: 0px !important;}&#8221;][vc_column][\/vc_column][\/vc_row][vc_row][vc_column][vc_row_inner el_class=&#8221;section-content&#8221;][vc_column_inner offset=&#8221;vc_col-md-offset-2 vc_col-md-8&#8243;][vc_column_text font_style=&#8221;serif&#8221;] We\u2019re passionate about our work, and we take care of every detail in our cars. [\/vc_column_text][\/vc_column_inner][\/vc_row_inner][\/vc_column][\/vc_row][vc_row full_width=&#8221;stretch_row_content_no_spaces&#8221; css=&#8221;.vc_custom_1453203872564{border-bottom-width: 0px !important;padding-bottom: 0px !important;}&#8221;][vc_column][\/vc_column][\/vc_row]\" \/>\n<meta property=\"og:url\" content=\"https:\/\/vmcompeticion.com\/en\/\" \/>\n<meta property=\"og:site_name\" content=\"VM Competici\u00f3n\" \/>\n<meta property=\"article:publisher\" content=\"https:\/\/www.facebook.com\/vm.competicion.2016\" \/>\n<meta property=\"article:modified_time\" content=\"2025-07-11T15:15:03+00:00\" \/>\n<meta name=\"twitter:card\" content=\"summary_large_image\" \/>\n<meta name=\"twitter:site\" content=\"@vmcompeticion\" \/>\n<meta name=\"twitter:label1\" content=\"Est. reading time\" \/>\n\t<meta name=\"twitter:data1\" content=\"1 minute\" \/>\n<script type=\"application\/ld+json\" class=\"yoast-schema-graph\">{\"@context\":\"https:\\\/\\\/schema.org\",\"@graph\":[{\"@type\":\"WebPage\",\"@id\":\"https:\\\/\\\/vmcompeticion.com\\\/en\\\/\",\"url\":\"https:\\\/\\\/vmcompeticion.com\\\/en\\\/\",\"name\":\"VM Competici\u00f3n - VM Competici\u00f3n\",\"isPartOf\":{\"@id\":\"https:\\\/\\\/vmcompeticion.com\\\/en\\\/#website\"},\"datePublished\":\"2019-05-12T18:24:39+00:00\",\"dateModified\":\"2025-07-11T15:15:03+00:00\",\"breadcrumb\":{\"@id\":\"https:\\\/\\\/vmcompeticion.com\\\/en\\\/#breadcrumb\"},\"inLanguage\":\"en-US\",\"potentialAction\":[{\"@type\":\"ReadAction\",\"target\":[\"https:\\\/\\\/vmcompeticion.com\\\/en\\\/\"]}]},{\"@type\":\"BreadcrumbList\",\"@id\":\"https:\\\/\\\/vmcompeticion.com\\\/en\\\/#breadcrumb\",\"itemListElement\":[{\"@type\":\"ListItem\",\"position\":1,\"name\":\"Portada\",\"item\":\"https:\\\/\\\/vmcompeticion.com\\\/en\\\/\"},{\"@type\":\"ListItem\",\"position\":2,\"name\":\"VM Competici\u00f3n\"}]},{\"@type\":\"WebSite\",\"@id\":\"https:\\\/\\\/vmcompeticion.com\\\/en\\\/#website\",\"url\":\"https:\\\/\\\/vmcompeticion.com\\\/en\\\/\",\"name\":\"VM Competici\u00f3n\",\"description\":\"Veh\u00edculos de competici\u00f3n Off-Road\",\"potentialAction\":[{\"@type\":\"SearchAction\",\"target\":{\"@type\":\"EntryPoint\",\"urlTemplate\":\"https:\\\/\\\/vmcompeticion.com\\\/en\\\/?s={search_term_string}\"},\"query-input\":{\"@type\":\"PropertyValueSpecification\",\"valueRequired\":true,\"valueName\":\"search_term_string\"}}],\"inLanguage\":\"en-US\"}]}<\/script>\n<!-- \/ Yoast SEO plugin. -->","yoast_head_json":{"title":"VM Competici\u00f3n - VM Competici\u00f3n","robots":{"index":"index","follow":"follow","max-snippet":"max-snippet:-1","max-image-preview":"max-image-preview:large","max-video-preview":"max-video-preview:-1"},"canonical":"https:\/\/vmcompeticion.com\/en\/","og_locale":"en_US","og_type":"article","og_title":"VM Competici\u00f3n - VM Competici\u00f3n","og_description":"[vc_row full_width=&#8221;stretch_row_content_no_spaces&#8221; css=&#8221;.vc_custom_1453282557222{border-bottom-width: 0px !important;padding-top: 0px !important;padding-bottom: 0px !important;}&#8221;][vc_column][\/vc_column][\/vc_row][vc_row][vc_column][vc_row_inner el_class=&#8221;section-content&#8221;][vc_column_inner offset=&#8221;vc_col-md-offset-2 vc_col-md-8&#8243;][vc_column_text font_style=&#8221;serif&#8221;] We\u2019re passionate about our work, and we take care of every detail in our cars. [\/vc_column_text][\/vc_column_inner][\/vc_row_inner][\/vc_column][\/vc_row][vc_row full_width=&#8221;stretch_row_content_no_spaces&#8221; css=&#8221;.vc_custom_1453203872564{border-bottom-width: 0px !important;padding-bottom: 0px !important;}&#8221;][vc_column][\/vc_column][\/vc_row]","og_url":"https:\/\/vmcompeticion.com\/en\/","og_site_name":"VM Competici\u00f3n","article_publisher":"https:\/\/www.facebook.com\/vm.competicion.2016","article_modified_time":"2025-07-11T15:15:03+00:00","twitter_card":"summary_large_image","twitter_site":"@vmcompeticion","twitter_misc":{"Est. reading time":"1 minute"},"schema":{"@context":"https:\/\/schema.org","@graph":[{"@type":"WebPage","@id":"https:\/\/vmcompeticion.com\/en\/","url":"https:\/\/vmcompeticion.com\/en\/","name":"VM Competici\u00f3n - VM Competici\u00f3n","isPartOf":{"@id":"https:\/\/vmcompeticion.com\/en\/#website"},"datePublished":"2019-05-12T18:24:39+00:00","dateModified":"2025-07-11T15:15:03+00:00","breadcrumb":{"@id":"https:\/\/vmcompeticion.com\/en\/#breadcrumb"},"inLanguage":"en-US","potentialAction":[{"@type":"ReadAction","target":["https:\/\/vmcompeticion.com\/en\/"]}]},{"@type":"BreadcrumbList","@id":"https:\/\/vmcompeticion.com\/en\/#breadcrumb","itemListElement":[{"@type":"ListItem","position":1,"name":"Portada","item":"https:\/\/vmcompeticion.com\/en\/"},{"@type":"ListItem","position":2,"name":"VM Competici\u00f3n"}]},{"@type":"WebSite","@id":"https:\/\/vmcompeticion.com\/en\/#website","url":"https:\/\/vmcompeticion.com\/en\/","name":"VM Competici\u00f3n","description":"Veh\u00edculos de competici\u00f3n Off-Road","potentialAction":[{"@type":"SearchAction","target":{"@type":"EntryPoint","urlTemplate":"https:\/\/vmcompeticion.com\/en\/?s={search_term_string}"},"query-input":{"@type":"PropertyValueSpecification","valueRequired":true,"valueName":"search_term_string"}}],"inLanguage":"en-US"}]}},"_links":{"self":[{"href":"https:\/\/vmcompeticion.com\/en\/wp-json\/wp\/v2\/pages\/2059","targetHints":{"allow":["GET"]}}],"collection":[{"href":"https:\/\/vmcompeticion.com\/en\/wp-json\/wp\/v2\/pages"}],"about":[{"href":"https:\/\/vmcompeticion.com\/en\/wp-json\/wp\/v2\/types\/page"}],"author":[{"embeddable":true,"href":"https:\/\/vmcompeticion.com\/en\/wp-json\/wp\/v2\/users\/1"}],"replies":[{"embeddable":true,"href":"https:\/\/vmcompeticion.com\/en\/wp-json\/wp\/v2\/comments?post=2059"}],"version-history":[{"count":8,"href":"https:\/\/vmcompeticion.com\/en\/wp-json\/wp\/v2\/pages\/2059\/revisions"}],"predecessor-version":[{"id":3952,"href":"https:\/\/vmcompeticion.com\/en\/wp-json\/wp\/v2\/pages\/2059\/revisions\/3952"}],"wp:attachment":[{"href":"https:\/\/vmcompeticion.com\/en\/wp-json\/wp\/v2\/media?parent=2059"}],"curies":[{"name":"wp","href":"https:\/\/api.w.org\/{rel}","templated":true}]}}