{"id":2057,"date":"2019-05-12T18:12:09","date_gmt":"2019-05-12T18:12:09","guid":{"rendered":"https:\/\/vmcompeticion.com\/?page_id=2057"},"modified":"2023-07-05T15:12:26","modified_gmt":"2023-07-05T15:12:26","slug":"vehicles","status":"publish","type":"page","link":"https:\/\/vmcompeticion.com\/en\/vehicles\/","title":{"rendered":"Vehicles"},"content":{"rendered":"<p>[vc_row][vc_column]<ul id=\"filters\"><li data-filter=\"*\" class=\"active\">All<\/li><li data-filter=\".c-778ea11a5b1ecae38ef1d5dcc18e79fb\">VM KFR-A1<\/li> <li data-filter=\".c-2768f3cc47d2edef2c7ef16ce9d7f219\">VM T3<\/li> <li data-filter=\".c-33b1ffaf0be13fff7c6b017efd2e8564\">VM T3 ordaz-R<\/li> <li data-filter=\".c-36e949ddc0af6e8ae5de68ee42c613ec\">VM T4<\/li> <\/ul><div id=\"works-grid\" class=\"wide four-col\"><div class=\"work-item c-778ea11a5b1ecae38ef1d5dcc18e79fb\"><div class=\"work-detail\"><a href=\"https:\/\/vmcompeticion.com\/en\/portfolio\/vm-kfr-a1\/\"><img decoding=\"async\" src=\"https:\/\/vmcompeticion.com\/wp-content\/uploads\/2018\/01\/VM-KFR-A1-960x960.jpg\" alt=\"VM KFR-A1\"><div class=\"work-info\"><div class=\"centrize\"><div class=\"v-center\"><h3>VM KFR-A1<\/h3><p>VM KFR-A1<\/p><\/div><\/div><\/div><\/a><\/div><\/div><div class=\"work-item c-2768f3cc47d2edef2c7ef16ce9d7f219\"><div class=\"work-detail\"><a href=\"https:\/\/vmcompeticion.com\/en\/portfolio\/vm-t3\/\"><img decoding=\"async\" src=\"https:\/\/vmcompeticion.com\/wp-content\/uploads\/2018\/12\/VM-T3-4-vm-competicion-mini-960x960.jpg\" alt=\"VM T3\"><div class=\"work-info\"><div class=\"centrize\"><div class=\"v-center\"><h3>VM T3<\/h3><p>VM T3<\/p><\/div><\/div><\/div><\/a><\/div><\/div><div class=\"work-item c-33b1ffaf0be13fff7c6b017efd2e8564\"><div class=\"work-detail\"><a href=\"https:\/\/vmcompeticion.com\/en\/portfolio\/vm-t3-ordaz-r\/\"><img decoding=\"async\" src=\"https:\/\/vmcompeticion.com\/wp-content\/uploads\/2021\/04\/VMComp_Ordaz_R_02_Menu.jpg\" alt=\"VM T3 ordaz-R\"><div class=\"work-info\"><div class=\"centrize\"><div class=\"v-center\"><h3>VM T3 ordaz-R<\/h3><p>VM T3 ordaz-R<\/p><\/div><\/div><\/div><\/a><\/div><\/div><div class=\"work-item \"><div class=\"work-detail\"><a href=\"https:\/\/vmcompeticion.com\/en\/portfolio\/vm-t4\/\"><img decoding=\"async\" src=\"https:\/\/vmcompeticion.com\/wp-content\/uploads\/2021\/06\/VM-T4-Menu-Destacada-02.jpg\" alt=\"VM T4\"><div class=\"work-info\"><div class=\"centrize\"><div class=\"v-center\"><h3>VM T4<\/h3><p><\/p><\/div><\/div><\/div><\/a><\/div><\/div><\/div>[\/vc_column][\/vc_row]<\/p>\n","protected":false},"excerpt":{"rendered":"<p>[vc_row][vc_column][\/vc_column][\/vc_row]<\/p>\n","protected":false},"author":4,"featured_media":0,"parent":0,"menu_order":0,"comment_status":"closed","ping_status":"closed","template":"","meta":{"inline_featured_image":false,"footnotes":""},"class_list":["post-2057","page","type-page","status-publish","hentry"],"yoast_head":"<!-- This site is optimized with the Yoast SEO plugin v27.3 - https:\/\/yoast.com\/product\/yoast-seo-wordpress\/ -->\n<title>Vehicles - VM Competici\u00f3n<\/title>\n<meta name=\"robots\" content=\"index, follow, max-snippet:-1, max-image-preview:large, max-video-preview:-1\" \/>\n<link rel=\"canonical\" href=\"https:\/\/vmcompeticion.com\/en\/vehicles\/\" \/>\n<meta property=\"og:locale\" content=\"en_US\" \/>\n<meta property=\"og:type\" content=\"article\" \/>\n<meta property=\"og:title\" content=\"Vehicles - VM Competici\u00f3n\" \/>\n<meta property=\"og:description\" content=\"[vc_row][vc_column][\/vc_column][\/vc_row]\" \/>\n<meta property=\"og:url\" content=\"https:\/\/vmcompeticion.com\/en\/vehicles\/\" \/>\n<meta property=\"og:site_name\" content=\"VM Competici\u00f3n\" \/>\n<meta property=\"article:publisher\" content=\"https:\/\/www.facebook.com\/vm.competicion.2016\" \/>\n<meta property=\"article:modified_time\" content=\"2023-07-05T15:12:26+00:00\" \/>\n<meta name=\"twitter:card\" content=\"summary_large_image\" \/>\n<meta name=\"twitter:site\" content=\"@vmcompeticion\" \/>\n<meta name=\"twitter:label1\" content=\"Est. reading time\" \/>\n\t<meta name=\"twitter:data1\" content=\"1 minute\" \/>\n<script type=\"application\/ld+json\" class=\"yoast-schema-graph\">{\"@context\":\"https:\\\/\\\/schema.org\",\"@graph\":[{\"@type\":\"WebPage\",\"@id\":\"https:\\\/\\\/vmcompeticion.com\\\/en\\\/vehicles\\\/\",\"url\":\"https:\\\/\\\/vmcompeticion.com\\\/en\\\/vehicles\\\/\",\"name\":\"Vehicles - VM Competici\u00f3n\",\"isPartOf\":{\"@id\":\"https:\\\/\\\/vmcompeticion.com\\\/en\\\/#website\"},\"datePublished\":\"2019-05-12T18:12:09+00:00\",\"dateModified\":\"2023-07-05T15:12:26+00:00\",\"breadcrumb\":{\"@id\":\"https:\\\/\\\/vmcompeticion.com\\\/en\\\/vehicles\\\/#breadcrumb\"},\"inLanguage\":\"en-US\",\"potentialAction\":[{\"@type\":\"ReadAction\",\"target\":[\"https:\\\/\\\/vmcompeticion.com\\\/en\\\/vehicles\\\/\"]}]},{\"@type\":\"BreadcrumbList\",\"@id\":\"https:\\\/\\\/vmcompeticion.com\\\/en\\\/vehicles\\\/#breadcrumb\",\"itemListElement\":[{\"@type\":\"ListItem\",\"position\":1,\"name\":\"Portada\",\"item\":\"https:\\\/\\\/vmcompeticion.com\\\/en\\\/\"},{\"@type\":\"ListItem\",\"position\":2,\"name\":\"Vehicles\"}]},{\"@type\":\"WebSite\",\"@id\":\"https:\\\/\\\/vmcompeticion.com\\\/en\\\/#website\",\"url\":\"https:\\\/\\\/vmcompeticion.com\\\/en\\\/\",\"name\":\"VM Competici\u00f3n\",\"description\":\"Veh\u00edculos de competici\u00f3n Off-Road\",\"potentialAction\":[{\"@type\":\"SearchAction\",\"target\":{\"@type\":\"EntryPoint\",\"urlTemplate\":\"https:\\\/\\\/vmcompeticion.com\\\/en\\\/?s={search_term_string}\"},\"query-input\":{\"@type\":\"PropertyValueSpecification\",\"valueRequired\":true,\"valueName\":\"search_term_string\"}}],\"inLanguage\":\"en-US\"}]}<\/script>\n<!-- \/ Yoast SEO plugin. -->","yoast_head_json":{"title":"Vehicles - VM Competici\u00f3n","robots":{"index":"index","follow":"follow","max-snippet":"max-snippet:-1","max-image-preview":"max-image-preview:large","max-video-preview":"max-video-preview:-1"},"canonical":"https:\/\/vmcompeticion.com\/en\/vehicles\/","og_locale":"en_US","og_type":"article","og_title":"Vehicles - VM Competici\u00f3n","og_description":"[vc_row][vc_column][\/vc_column][\/vc_row]","og_url":"https:\/\/vmcompeticion.com\/en\/vehicles\/","og_site_name":"VM Competici\u00f3n","article_publisher":"https:\/\/www.facebook.com\/vm.competicion.2016","article_modified_time":"2023-07-05T15:12:26+00:00","twitter_card":"summary_large_image","twitter_site":"@vmcompeticion","twitter_misc":{"Est. reading time":"1 minute"},"schema":{"@context":"https:\/\/schema.org","@graph":[{"@type":"WebPage","@id":"https:\/\/vmcompeticion.com\/en\/vehicles\/","url":"https:\/\/vmcompeticion.com\/en\/vehicles\/","name":"Vehicles - VM Competici\u00f3n","isPartOf":{"@id":"https:\/\/vmcompeticion.com\/en\/#website"},"datePublished":"2019-05-12T18:12:09+00:00","dateModified":"2023-07-05T15:12:26+00:00","breadcrumb":{"@id":"https:\/\/vmcompeticion.com\/en\/vehicles\/#breadcrumb"},"inLanguage":"en-US","potentialAction":[{"@type":"ReadAction","target":["https:\/\/vmcompeticion.com\/en\/vehicles\/"]}]},{"@type":"BreadcrumbList","@id":"https:\/\/vmcompeticion.com\/en\/vehicles\/#breadcrumb","itemListElement":[{"@type":"ListItem","position":1,"name":"Portada","item":"https:\/\/vmcompeticion.com\/en\/"},{"@type":"ListItem","position":2,"name":"Vehicles"}]},{"@type":"WebSite","@id":"https:\/\/vmcompeticion.com\/en\/#website","url":"https:\/\/vmcompeticion.com\/en\/","name":"VM Competici\u00f3n","description":"Veh\u00edculos de competici\u00f3n Off-Road","potentialAction":[{"@type":"SearchAction","target":{"@type":"EntryPoint","urlTemplate":"https:\/\/vmcompeticion.com\/en\/?s={search_term_string}"},"query-input":{"@type":"PropertyValueSpecification","valueRequired":true,"valueName":"search_term_string"}}],"inLanguage":"en-US"}]}},"_links":{"self":[{"href":"https:\/\/vmcompeticion.com\/en\/wp-json\/wp\/v2\/pages\/2057","targetHints":{"allow":["GET"]}}],"collection":[{"href":"https:\/\/vmcompeticion.com\/en\/wp-json\/wp\/v2\/pages"}],"about":[{"href":"https:\/\/vmcompeticion.com\/en\/wp-json\/wp\/v2\/types\/page"}],"author":[{"embeddable":true,"href":"https:\/\/vmcompeticion.com\/en\/wp-json\/wp\/v2\/users\/4"}],"replies":[{"embeddable":true,"href":"https:\/\/vmcompeticion.com\/en\/wp-json\/wp\/v2\/comments?post=2057"}],"version-history":[{"count":3,"href":"https:\/\/vmcompeticion.com\/en\/wp-json\/wp\/v2\/pages\/2057\/revisions"}],"predecessor-version":[{"id":3320,"href":"https:\/\/vmcompeticion.com\/en\/wp-json\/wp\/v2\/pages\/2057\/revisions\/3320"}],"wp:attachment":[{"href":"https:\/\/vmcompeticion.com\/en\/wp-json\/wp\/v2\/media?parent=2057"}],"curies":[{"name":"wp","href":"https:\/\/api.w.org\/{rel}","templated":true}]}}