{"id":2037,"date":"2019-05-12T18:05:08","date_gmt":"2019-05-12T18:05:08","guid":{"rendered":"https:\/\/vmcompeticion.com\/?page_id=2037"},"modified":"2019-05-12T18:05:27","modified_gmt":"2019-05-12T18:05:27","slug":"company","status":"publish","type":"page","link":"https:\/\/vmcompeticion.com\/en\/company\/","title":{"rendered":"Company"},"content":{"rendered":"<p>[vc_row][vc_column offset=&#8221;vc_col-md-4&#8243;]<div class=\"title txt-xs-center txt-sm-center\"><h3 class=\"\">Our passion<span class=\"red-dot\"><\/span><\/h3><hr><\/div>[vc_column_text font_style=&#8221;serif&#8221;]<span style=\"font-size: 18px;\">Designing and building racing cars.<br \/>\n<\/span>[\/vc_column_text][\/vc_column][vc_column width=&#8221;1\/2&#8243; offset=&#8221;vc_col-md-offset-1 vc_col-md-7&#8243;][vc_column_text css=&#8221;.vc_custom_1557684018118{margin-bottom: 0px !important;}&#8221;]<\/p>\n<h3>In VM Competici\u00f3n we are devoted to our work. We are a professional team of engineers and mechanics with years of experience in the field of vehicle racing and preparation.<\/h3>\n<p>&nbsp;<\/p>\n<p>We are specialists in <strong>design and manufacture of vehicles<\/strong>, from chassis to the final touches and tuning, paying attention to the slightest detail in our builds.<\/p>\n<p>&nbsp;<\/p>\n<p><strong>We design our vehicles<\/strong> according to the <strong>FIA T3<\/strong> and the <em>\u201cReglamento de Buggies Nacional\u201d<\/em> of the Spanish Federation of Motorsport for the Spanish Cross Country Rally Championship<\/p>\n<p>&nbsp;<\/p>\n<p>Furthermore, our tubular chassis and safety cage has been approved by the <strong>RFEdA<\/strong>.<\/p>\n<h4><\/h4>\n<h4>Prep\u00e1rate para vivir grandes sensaciones con la total seguridad de un trabajo bien hecho.<\/h4>\n<p>[\/vc_column_text][\/vc_column][\/vc_row][vc_row full_width=&#8221;stretch_row_content_no_spaces&#8221; row_bg_color=&#8221;dark&#8221; el_class=&#8221;boxes&#8221; css=&#8221;.vc_custom_1453909180940{padding-top: 0px !important;padding-bottom: 0px !important;}&#8221;][vc_column offset=&#8221;vc_col-md-4&#8243; css=&#8221;.vc_custom_1453909155555{background-color: #1c1e20 !important;}&#8221;]<div class=\"number-box\"><span>Added value.<\/span><h2>01<span class=\"red-dot\"><\/span><\/h2><h4>Design.<\/h4><p>We design our models in detail, aiming to achieve the highest performance.<\/p><\/div>[\/vc_column][vc_column offset=&#8221;vc_col-md-4&#8243; css=&#8221;.vc_custom_1453909215548{background-color: #25282b !important;}&#8221;]<div class=\"number-box\"><span>Added value<\/span><h2>02<span class=\"red-dot\"><\/span><\/h2><h4>Quality<\/h4><p>We ensure the use of the best components regarding to efficiency and quality.<\/p><\/div>[\/vc_column][vc_column offset=&#8221;vc_col-md-4&#8243; css=&#8221;.vc_custom_1453909227909{background-color: #2a2d30 !important;}&#8221;]<div class=\"number-box\"><span>Added value<\/span><h2>03<span class=\"red-dot\"><\/span><\/h2><h4>Experience<\/h4><p>Our designs reflect many years of experience in the racing world.<\/p><\/div>[\/vc_column][\/vc_row][vc_row parallax=&#8221;content-moving&#8221; parallax_image=&#8221;2009&#8243;][vc_column]<div class=\"title center\"><h3 class=\"\">They think about us<span class=\"red-dot\"><\/span><\/h3><hr><\/div>[vc_row_inner css=&#8221;.vc_custom_1453909855064{padding-top: 25px !important;padding-bottom: 25px !important;}&#8221;][vc_column_inner]<div id=\"testimonials-slider\" data-options='{\"animation\": \"slide\", \"directionNav\": true}' class=\"flexslider nav-outside\"><ul class=\"slides\"><li><blockquote><p>\"I want to say thanks to all the people who have supported and greeted me, especially to the full crew of VM Competici\u00f3n, because this tittle is an all of us achievement, you\u2019re the greatest!\"<\/p><footer>Antonio Fortuny<\/footer><\/blockquote><\/li><li><blockquote><p>\"Thanks for your participation in the Baja Aragon. This race, which I feel like my own child, wouldn\u2019t be the same without you.\"<\/p><footer>Juan Carlos Alejandre, RFEDA Stewart.<\/footer><\/blockquote><\/li><\/ul><\/div>[\/vc_column_inner][\/vc_row_inner][\/vc_column][\/vc_row][vc_row css=&#8221;.vc_custom_1453909917992{padding-top: 50px !important;padding-bottom: 50px !important;}&#8221;][vc_column]<div class=\"owl-carousel\" data-options=\"{&quot;items&quot;: 4, &quot;margin&quot;: 100, &quot;autoplay&quot;: true, &quot;mdItems&quot;: 5, &quot;smItems&quot;: 4, &quot;xsItems&quot;: 3}\">[vc_single_image image=&#8221;2046&#8243; img_size=&#8221;full&#8221; alignment=&#8221;center&#8221;][vc_single_image image=&#8221;2042&#8243; img_size=&#8221;full&#8221; alignment=&#8221;center&#8221;]<\/div>[\/vc_column][\/vc_row]<\/p>\n","protected":false},"excerpt":{"rendered":"<p>[vc_row][vc_column offset=&#8221;vc_col-md-4&#8243;][vc_column_text font_style=&#8221;serif&#8221;]Designing and building racing cars. [\/vc_column_text][\/vc_column][vc_column width=&#8221;1\/2&#8243; offset=&#8221;vc_col-md-offset-1 vc_col-md-7&#8243;][vc_column_text css=&#8221;.vc_custom_1557684018118{margin-bottom: 0px !important;}&#8221;] In VM Competici\u00f3n we are devoted to our work. We are a professional team of engineers and mechanics with years of experience in the field of vehicle racing and preparation. &nbsp; We are specialists in design and manufacture of vehicles, from[&#8230;] <\/p>\n<p class=\"mt-15\"><a class=\"btn btn-color btn-sm\" href=\"https:\/\/vmcompeticion.com\/en\/company\/\">Read More<\/a><\/p>\n","protected":false},"author":1,"featured_media":0,"parent":0,"menu_order":0,"comment_status":"closed","ping_status":"closed","template":"","meta":{"inline_featured_image":false,"footnotes":""},"class_list":["post-2037","page","type-page","status-publish","hentry"],"yoast_head":"<!-- This site is optimized with the Yoast SEO plugin v27.3 - https:\/\/yoast.com\/product\/yoast-seo-wordpress\/ -->\n<title>Company - VM Competici\u00f3n<\/title>\n<meta name=\"robots\" content=\"index, follow, max-snippet:-1, max-image-preview:large, max-video-preview:-1\" \/>\n<link rel=\"canonical\" href=\"https:\/\/vmcompeticion.com\/en\/company\/\" \/>\n<meta property=\"og:locale\" content=\"en_US\" \/>\n<meta property=\"og:type\" content=\"article\" \/>\n<meta property=\"og:title\" content=\"Company - VM Competici\u00f3n\" \/>\n<meta property=\"og:description\" content=\"[vc_row][vc_column offset=&#8221;vc_col-md-4&#8243;][vc_column_text font_style=&#8221;serif&#8221;]Designing and building racing cars. [\/vc_column_text][\/vc_column][vc_column width=&#8221;1\/2&#8243; offset=&#8221;vc_col-md-offset-1 vc_col-md-7&#8243;][vc_column_text css=&#8221;.vc_custom_1557684018118{margin-bottom: 0px !important;}&#8221;] In VM Competici\u00f3n we are devoted to our work. We are a professional team of engineers and mechanics with years of experience in the field of vehicle racing and preparation. &nbsp; We are specialists in design and manufacture of vehicles, from[...] Read More\" \/>\n<meta property=\"og:url\" content=\"https:\/\/vmcompeticion.com\/en\/company\/\" \/>\n<meta property=\"og:site_name\" content=\"VM Competici\u00f3n\" \/>\n<meta property=\"article:publisher\" content=\"https:\/\/www.facebook.com\/vm.competicion.2016\" \/>\n<meta property=\"article:modified_time\" content=\"2019-05-12T18:05:27+00:00\" \/>\n<meta name=\"twitter:card\" content=\"summary_large_image\" \/>\n<meta name=\"twitter:site\" content=\"@vmcompeticion\" \/>\n<meta name=\"twitter:label1\" content=\"Est. reading time\" \/>\n\t<meta name=\"twitter:data1\" content=\"3 minutes\" \/>\n<script type=\"application\/ld+json\" class=\"yoast-schema-graph\">{\"@context\":\"https:\\\/\\\/schema.org\",\"@graph\":[{\"@type\":\"WebPage\",\"@id\":\"https:\\\/\\\/vmcompeticion.com\\\/en\\\/company\\\/\",\"url\":\"https:\\\/\\\/vmcompeticion.com\\\/en\\\/company\\\/\",\"name\":\"Company - VM Competici\u00f3n\",\"isPartOf\":{\"@id\":\"https:\\\/\\\/vmcompeticion.com\\\/en\\\/#website\"},\"datePublished\":\"2019-05-12T18:05:08+00:00\",\"dateModified\":\"2019-05-12T18:05:27+00:00\",\"breadcrumb\":{\"@id\":\"https:\\\/\\\/vmcompeticion.com\\\/en\\\/company\\\/#breadcrumb\"},\"inLanguage\":\"en-US\",\"potentialAction\":[{\"@type\":\"ReadAction\",\"target\":[\"https:\\\/\\\/vmcompeticion.com\\\/en\\\/company\\\/\"]}]},{\"@type\":\"BreadcrumbList\",\"@id\":\"https:\\\/\\\/vmcompeticion.com\\\/en\\\/company\\\/#breadcrumb\",\"itemListElement\":[{\"@type\":\"ListItem\",\"position\":1,\"name\":\"Portada\",\"item\":\"https:\\\/\\\/vmcompeticion.com\\\/en\\\/\"},{\"@type\":\"ListItem\",\"position\":2,\"name\":\"Company\"}]},{\"@type\":\"WebSite\",\"@id\":\"https:\\\/\\\/vmcompeticion.com\\\/en\\\/#website\",\"url\":\"https:\\\/\\\/vmcompeticion.com\\\/en\\\/\",\"name\":\"VM Competici\u00f3n\",\"description\":\"Veh\u00edculos de competici\u00f3n Off-Road\",\"potentialAction\":[{\"@type\":\"SearchAction\",\"target\":{\"@type\":\"EntryPoint\",\"urlTemplate\":\"https:\\\/\\\/vmcompeticion.com\\\/en\\\/?s={search_term_string}\"},\"query-input\":{\"@type\":\"PropertyValueSpecification\",\"valueRequired\":true,\"valueName\":\"search_term_string\"}}],\"inLanguage\":\"en-US\"}]}<\/script>\n<!-- \/ Yoast SEO plugin. -->","yoast_head_json":{"title":"Company - VM Competici\u00f3n","robots":{"index":"index","follow":"follow","max-snippet":"max-snippet:-1","max-image-preview":"max-image-preview:large","max-video-preview":"max-video-preview:-1"},"canonical":"https:\/\/vmcompeticion.com\/en\/company\/","og_locale":"en_US","og_type":"article","og_title":"Company - VM Competici\u00f3n","og_description":"[vc_row][vc_column offset=&#8221;vc_col-md-4&#8243;][vc_column_text font_style=&#8221;serif&#8221;]Designing and building racing cars. [\/vc_column_text][\/vc_column][vc_column width=&#8221;1\/2&#8243; offset=&#8221;vc_col-md-offset-1 vc_col-md-7&#8243;][vc_column_text css=&#8221;.vc_custom_1557684018118{margin-bottom: 0px !important;}&#8221;] In VM Competici\u00f3n we are devoted to our work. We are a professional team of engineers and mechanics with years of experience in the field of vehicle racing and preparation. &nbsp; We are specialists in design and manufacture of vehicles, from[...] Read More","og_url":"https:\/\/vmcompeticion.com\/en\/company\/","og_site_name":"VM Competici\u00f3n","article_publisher":"https:\/\/www.facebook.com\/vm.competicion.2016","article_modified_time":"2019-05-12T18:05:27+00:00","twitter_card":"summary_large_image","twitter_site":"@vmcompeticion","twitter_misc":{"Est. reading time":"3 minutes"},"schema":{"@context":"https:\/\/schema.org","@graph":[{"@type":"WebPage","@id":"https:\/\/vmcompeticion.com\/en\/company\/","url":"https:\/\/vmcompeticion.com\/en\/company\/","name":"Company - VM Competici\u00f3n","isPartOf":{"@id":"https:\/\/vmcompeticion.com\/en\/#website"},"datePublished":"2019-05-12T18:05:08+00:00","dateModified":"2019-05-12T18:05:27+00:00","breadcrumb":{"@id":"https:\/\/vmcompeticion.com\/en\/company\/#breadcrumb"},"inLanguage":"en-US","potentialAction":[{"@type":"ReadAction","target":["https:\/\/vmcompeticion.com\/en\/company\/"]}]},{"@type":"BreadcrumbList","@id":"https:\/\/vmcompeticion.com\/en\/company\/#breadcrumb","itemListElement":[{"@type":"ListItem","position":1,"name":"Portada","item":"https:\/\/vmcompeticion.com\/en\/"},{"@type":"ListItem","position":2,"name":"Company"}]},{"@type":"WebSite","@id":"https:\/\/vmcompeticion.com\/en\/#website","url":"https:\/\/vmcompeticion.com\/en\/","name":"VM Competici\u00f3n","description":"Veh\u00edculos de competici\u00f3n Off-Road","potentialAction":[{"@type":"SearchAction","target":{"@type":"EntryPoint","urlTemplate":"https:\/\/vmcompeticion.com\/en\/?s={search_term_string}"},"query-input":{"@type":"PropertyValueSpecification","valueRequired":true,"valueName":"search_term_string"}}],"inLanguage":"en-US"}]}},"_links":{"self":[{"href":"https:\/\/vmcompeticion.com\/en\/wp-json\/wp\/v2\/pages\/2037","targetHints":{"allow":["GET"]}}],"collection":[{"href":"https:\/\/vmcompeticion.com\/en\/wp-json\/wp\/v2\/pages"}],"about":[{"href":"https:\/\/vmcompeticion.com\/en\/wp-json\/wp\/v2\/types\/page"}],"author":[{"embeddable":true,"href":"https:\/\/vmcompeticion.com\/en\/wp-json\/wp\/v2\/users\/1"}],"replies":[{"embeddable":true,"href":"https:\/\/vmcompeticion.com\/en\/wp-json\/wp\/v2\/comments?post=2037"}],"version-history":[{"count":9,"href":"https:\/\/vmcompeticion.com\/en\/wp-json\/wp\/v2\/pages\/2037\/revisions"}],"predecessor-version":[{"id":3318,"href":"https:\/\/vmcompeticion.com\/en\/wp-json\/wp\/v2\/pages\/2037\/revisions\/3318"}],"wp:attachment":[{"href":"https:\/\/vmcompeticion.com\/en\/wp-json\/wp\/v2\/media?parent=2037"}],"curies":[{"name":"wp","href":"https:\/\/api.w.org\/{rel}","templated":true}]}}