{"id":2020,"date":"2019-05-12T16:37:16","date_gmt":"2019-05-12T16:37:16","guid":{"rendered":"https:\/\/vmcompeticion.com\/?page_id=2020"},"modified":"2019-05-12T16:48:52","modified_gmt":"2019-05-12T16:48:52","slug":"privacy-policy","status":"publish","type":"page","link":"https:\/\/vmcompeticion.com\/en\/privacy-policy\/","title":{"rendered":"Privacy policy"},"content":{"rendered":"<p>[vc_row][vc_column][vc_column_text]<\/p>\n<p class=\"p1\"><span class=\"s1\"><b>PRIVACY POLICY<\/b><\/span><\/p>\n<p class=\"p3\"><span class=\"s1\">The privacy policy is part of the general conditions that apply to this website.\u00a0<\/span><\/p>\n<p class=\"p3\"><span class=\"s1\"><b>Who is responsible for the processing of your data?<\/b><\/span><\/p>\n<p class=\"p3\"><span class=\"s1\">GEDESER XXI S.L.<\/span><\/p>\n<p class=\"p3\"><span class=\"s1\">Plaza De Espa\u00f1a 3-12\u00aa 46007 &#8211; (Valencia) &#8211; Valencia\/val\u00e8ncia &#8211; Spain<br \/>\n<\/span><\/p>\n<p class=\"p3\"><span class=\"s1\">CIF: <span class=\"st\">B97205074<\/span><br \/>\n<\/span><\/p>\n<p class=\"p3\"><span class=\"s1\">Contact data of the data protection officer:\u00a0 <a href=\"mailto:vmcompeticion@vmcompeticion.com\" target=\"_blank\" rel=\"noopener noreferrer\">vmcompeticion@vmcompeticion.com<\/a><\/span><\/p>\n<p>You can contact us in any way to communicate with us.<\/p>\n<p>We reserve the right to modify or adapt this Privacy Policy at any time. We recommend you to review it, and if you have registered and access your account or profile, you will be informed of the changes.<\/p>\n<p>If you are one of the following groups, consult the following information:<\/p>\n<p>&nbsp;<\/p>\n<p class=\"p3\"><span class=\"s1\"><b>CONTACTS OF THE WEB OR EMAIL<\/b><\/span><\/p>\n<p class=\"p3\"><span class=\"s1\"><b>What data do we collect through the Web?<\/b><\/span><\/p>\n<p class=\"p4\"><span class=\"s1\">By giving us your contact data, you will be identified to contact you in a future, regarding to:<\/span><\/p>\n<ul>\n<li class=\"p4\"><span class=\"s1\">Answer your questions or requests. or requests.<br \/>\n<\/span><\/li>\n<li class=\"p4\"><span class=\"s1\">Manage the requested service, answer your request, or process your request.<br \/>\n<\/span><\/li>\n<li class=\"p4\"><span class=\"s1\">Send information by electronic means, that relate to your request.<br \/>\n<\/span><\/li>\n<li class=\"p4\"><span class=\"s1\">Send commercial or event information by electronic means, as long as there is express authorization.<br \/>\n<\/span><\/li>\n<li class=\"p4\"><span class=\"s1\">Perform analysis and improvements on the Web, about our products and services. Improve our commercial strategy.<\/span><\/li>\n<\/ul>\n<p>&nbsp;<\/p>\n<p>Acceptance and consent of the interested party:<\/p>\n<p>In those cases in which to make a request it is necessary to fill in a form and make a &#8220;click&#8221; on the submit button, this action will imply that the user has been informed and has expressly granted his consent to the content of the clause attached to said form or acceptance of the privacy policy.<\/p>\n<p>All our forms have the symbol * in the mandatory data. If you do not provide these fields, or do not check the acceptance box of the privacy policy, the information will not be allowed. It usually has the following formula: &#8220;I am over 14 and I have read and accept the Privacy Policy.&#8221;<\/p>\n<p>&nbsp;<\/p>\n<p class=\"p3\"><span class=\"s1\"><b>NEWSLETTERS CONTACTS<\/b><\/span><\/p>\n<p class=\"p3\"><span class=\"s1\"><b>What data do we collect through the Newsletters?<\/b><\/span><\/p>\n<p>On the Web, you can subscribe to the Newsletters, by providing us with an email address to send it.<br \/>\nWe will only save your email in our database, and will proceed to send you emails periodically, until you request the cancellation, or we stop sending emails.<br \/>\nYou will always have the option to unsubscribe, in any communication.<\/p>\n<p>By giving us your contact data, you will be identified to contact you in a future, regarding to:<\/p>\n<ul>\n<li>Managing the requested service.<\/li>\n<li>Sending information that relate to your request by electronic means.<\/li>\n<li>Sending commercial or event information by electronic means, as long as we receive your express authorization.<\/li>\n<li>Perform analysis and improvements in mailing, to improve our business strategy.<\/li>\n<\/ul>\n<p>Acceptance and consent of the interested party: when you subscribe you will be requested to click on a box and later on the submit button. This implies that you have been informed and have expressly granted your consent to the reception of the newsletters.<\/p>\n<p>&nbsp;<\/p>\n<p class=\"p3\"><span class=\"s1\"><b>CUSTOMERS<\/b><\/span><\/p>\n<p class=\"p3\"><span class=\"s1\"><b>Which data do we use?<\/b><\/span><\/p>\n<p>We will use the data you provide (company name, billing information) to provide the services you contract with us, and other features of your order anonymously for statistical purposes.<\/p>\n<p>Here we detail the purpose:<\/p>\n<ul>\n<li>Preparation of the budget and monitoring thereof by means of communications between both parties.<\/li>\n<li>Sending information by electronic means, that relate to your request.<\/li>\n<li>Sending commercial information or events by electronic means, as long as there is express authorization.<\/li>\n<li>Management of administrative services, communications and logistics performed by the Responsible.<\/li>\n<li>Billing and declaration of timely taxes.<\/li>\n<li>Making the corresponding transactions.<\/li>\n<li>Control and recovery management.<\/li>\n<\/ul>\n<p>&nbsp;<\/p>\n<p class=\"p3\"><span class=\"s1\"><b>SUPPLIERS<\/b><\/span><\/p>\n<p class=\"p3\"><span class=\"s1\"><b>What data do you use?<\/b><\/span><\/p>\n<p>We will use the data you provide us (company name, billing information) in the collaboration or subcontracting agreement that we subscribe with you with the following purpose:<\/p>\n<ul>\n<li>Information by electronic means, that relate to your request.<\/li>\n<li>Commercial information or events by electronic means, as long as there is express authorization.<\/li>\n<li>Manage administrative, communications and logistics services performed by the Responsible.<\/li>\n<li>Billing.<\/li>\n<li>Make the corresponding transactions.<\/li>\n<li>Billing and declaration of timely taxes.<\/li>\n<li>Control and recovery management.<\/li>\n<\/ul>\n<p>The legal basis is the acceptance of a contractual relationship, or otherwise your consent to contact us or offer your products by any means.<\/p>\n<p>&nbsp;<\/p>\n<p class=\"p3\"><span class=\"s1\"><b>CONTACTS IN SOCIAL NETWORKS<\/b><\/span><\/p>\n<p class=\"p3\"><span class=\"s1\"><b>What data do we use from social networks?<\/b><\/span><\/p>\n<p>We do not use your social network data directly. If you give us a &#8220;like&#8221; on Facebook, follow us on Twitter, etc; The only thing that will happen is that you will be informed of everything we publish. At most, the actions we will carry out will be:<\/p>\n<ul>\n<li>Answer your questions, or requests or requests.<\/li>\n<li>Manage the requested service, answer your request or process your request.<\/li>\n<li>Connect with you and create a community of followers.<\/li>\n<\/ul>\n<p>The acceptance of a contractual relationship in the environment of the corresponding social network, and in accordance with its Privacy policies.<\/p>\n<p><strong>How long are we going to keep personal data?<\/strong><\/p>\n<p>We can only consult or cancel your data in a restricted way when having a specific profile. We will treat them as long as you follow us, be friends or click on &#8220;like&#8221;, &#8220;follow&#8221; or similar buttons.<\/p>\n<p>Any rectification of your data or restriction of information or publications must be done through the configuration of your profile or user in the social network itself.<\/p>\n<p>&nbsp;<\/p>\n<p class=\"p3\"><span class=\"s1\"><b>JOBSEEKERS<\/b><\/span><\/p>\n<p class=\"p3\"><span class=\"s1\"><b>What data do we use from your CV?<\/b><\/span><\/p>\n<p>Understanding that you have given us your CV with a legitimate interest (to work with us), we will use that information to:<\/p>\n<ul>\n<li>Organization of selection processes for hiring employees.<\/li>\n<li>Cite yourself for job interviews and evaluate your candidacy.<\/li>\n<li>If you have given us your consent, we can assign it to collaborating or related companies, with the sole<\/li>\n<li>purpose of helping you find a job.<\/li>\n<\/ul>\n<p>If you check the box of acceptance of the privacy policy, you give us your consent to assign your job application to the entities that make up the group of companies with the aim of including you in their recruitment processes.<\/p>\n<p>Likewise, we inform you that one year after receipt of your curriculum vitae, we will proceed to its safe destruction.<br \/>\nThe legal basis is your unequivocal consent, when you send us your CV.<\/p>\n<p>&nbsp;<\/p>\n<p class=\"p3\"><span class=\"s1\"><b>Do we include personal data of third parties?<\/b><\/span><\/p>\n<p class=\"p3\"><span class=\"s1\">No, as a general rule we only treat the data provided by the owners. If you provide us with data from third parties, you must first inform and request your consent to said persons, or otherwise you will exempt us from any responsibility for the breach of this requirement.<\/span><\/p>\n<p>&nbsp;<\/p>\n<p class=\"p3\"><span class=\"s1\"><b>And data of minors?<\/b><\/span><\/p>\n<p class=\"p3\"><span class=\"s1\"> We do not process data for children under 14 years of age. Therefore, refrain from providing them if you do not have that age or, where appropriate, to provide data from third parties that do not have the aforementioned age GEDESER XXI S.L. He is exempt from any responsibility for the breach of this forecast.<\/span><\/p>\n<p>&nbsp;<\/p>\n<p class=\"p3\"><span class=\"s1\"><b>Will we make communications by electronic means?<\/b><\/span><\/p>\n<ul class=\"ul1\">\n<li class=\"li3\"><span class=\"s1\">They will only be made to manage your request, if it is one of the means of contact you have given us.<br \/>\n<\/span><\/li>\n<li class=\"li3\"><span class=\"s1\">If we carry out commercial communications, they will have been previously and expressly authorized by you.<\/span><\/li>\n<\/ul>\n<p>&nbsp;<\/p>\n<p class=\"p3\"><span class=\"s1\"><b>What security measures do we apply?<\/b><\/span><\/p>\n<p class=\"p3\"><span class=\"s1\"> You can rest assured: We have adopted an optimal level of protection of the Personal Data that we manage, and we have installed all the means and technical measures at our disposal according to the state of technology to avoid loss, misuse, alteration, unauthorized access and Theft of Personal Data..<\/span><\/p>\n<p>&nbsp;<\/p>\n<p class=\"p3\"><span class=\"s1\"><b>To which recipients will your information be communicated?<\/b><\/span><\/p>\n<p>Your data will not be transferred to third parties, except legal obligation. Specifically, the State Agency of the Tax Administration and banks and financial entities will be informed about the collection of the service rendered or product acquired, as well as those responsible for the treatment necessary for the execution of the agreement.<\/p>\n<p>In case of purchase or payment, if you choose any application, web, platform, bank card, or any other online service, your data will be transferred to that platform or will be treated in your environment, always with maximum security.<\/p>\n<p>When we order it, the web development and maintenance company or the hosting company will have access to our website. They will have signed a contract to provide services that requires them to maintain the same level of privacy as we do.<\/p>\n<p>Any international transfer of data when using American applications, will be attached to the Privacy Shield agreement, which guarantees that American software companies comply with European data protection policies regarding privacy.<\/p>\n<p>&nbsp;<\/p>\n<p class=\"p3\"><span class=\"s1\"><b>What rights do you have?<\/b><\/span><\/p>\n<ul class=\"ul1\">\n<li class=\"li3\"><span class=\"s1\">To know if we are treating your data or not.<br \/>\n<\/span><\/li>\n<li class=\"li3\"><span class=\"s1\">To access your personal data.<br \/>\n<\/span><\/li>\n<li class=\"li3\"><span class=\"s1\">To request the rectification of your data if they are inaccurate.<br \/>\n<\/span><\/li>\n<li class=\"li3\"><span class=\"s1\">To request the deletion of your data if they are no longer necessary for the purposes for which they were collected or if you withdraw the consent granted.<br \/>\n<\/span><\/li>\n<li class=\"li3\"><span class=\"s1\">To request the limitation of the treatment of your data, in some cases, in which case we will only conserve them in accordance with current regulations.<br \/>\n<\/span><\/li>\n<li class=\"li3\"><span class=\"s1\">To carry your data, which will be provided in a structured, commonly used or mechanical reading format. If you prefer, we can send them to the new manager you designate. It is only valid in certain cases.<br \/>\n<\/span><\/li>\n<li class=\"li3\"><span class=\"s1\">To file a claim with the Spanish Data Protection Agency or competent control authority, if you believe that we have not treated you correctly.<br \/>\n<\/span><\/li>\n<li class=\"li3\"><span class=\"s1\">To revoke consent for any treatment for which you have consented, at any time.<\/span><\/li>\n<\/ul>\n<p><span class=\"s1\">If you modify any information, we thank you for sharing it to keep them updated.<\/span><\/p>\n<p>&nbsp;<\/p>\n<p class=\"p3\"><span class=\"s1\"><b>Do you want a form for the exercise of Rights? <\/b><\/span><\/p>\n<ul class=\"ul1\">\n<li class=\"li3\"><span class=\"s1\">We have forms for the exercise of your rights, ask for them by email or if you prefer, you can use the ones elaborated by the Spanish Data Protection Agency or third parties.<br \/>\n<\/span><\/li>\n<li class=\"li3\"><span class=\"s1\">These forms must be signed electronically or accompanied by a photocopy of the DNI.<br \/>\n<\/span><\/li>\n<li class=\"li3\"><span class=\"s1\">If someone represents you, you must attach a copy of your ID, or sign it with your electronic signature.<br \/>\n<\/span><\/li>\n<li class=\"li3\"><span class=\"s1\">The forms can be presented in person, sent by letter or by mail at the address of the person responsible at the beginning of this text.<br \/>\n<\/span><\/li>\n<\/ul>\n<p>&nbsp;<\/p>\n<p class=\"p3\"><span class=\"s1\"><b>How long did it take to answer the Exercise of Rights?<\/b><\/span><\/p>\n<p class=\"p3\"><span class=\"s1\">It depends on the right, but at most one month from your request, and two months if the issue is very complex and we notify you that we need more time.<\/span><\/p>\n<p>&nbsp;<\/p>\n<p class=\"p3\"><span class=\"s1\"><b>Do we treat cookies?<\/b><\/span><\/p>\n<p class=\"p3\"><span class=\"s1\">If we use other types of cookies that are not necessary, you can consult the cookies policy in the corresponding link from the beginning of our website.<\/span><\/p>\n<p>&nbsp;<\/p>\n<p class=\"p3\"><span class=\"s1\"><b>How long are we going to keep your personal information?<\/b><\/span><\/p>\n<ul class=\"ul1\">\n<li class=\"li3\"><span class=\"s1\">Personal data will be maintained while you are still connected with us.<\/span><\/li>\n<li class=\"li3\"><span class=\"s1\">Once you disassociate yourself, the personal data processed in each purpose will be maintained during the legally stipulated deadlines, including the period in which a judge or court may request them, taking into account the limitation period for legal actions.<\/span><\/li>\n<li class=\"li3\"><span class=\"s1\">The data processed will be maintained as long as the aforementioned legal deadlines do not expire, if there is a legal maintenance obligation, or if the legal term does not exist, until the interested party requests its cancellation or revocation.<br \/>\n<\/span><\/li>\n<li class=\"li3\"><span class=\"s1\">We will keep all the information and communications related to your purchase or to the provision of our service, while the guarantees of the products or services last, to attend to possible claims.<\/span><\/li>\n<\/ul>\n<p>[\/vc_column_text][\/vc_column][\/vc_row]<\/p>\n","protected":false},"excerpt":{"rendered":"<p>[vc_row][vc_column][vc_column_text] PRIVACY POLICY The privacy policy is part of the general conditions that apply to this website.\u00a0 Who is responsible for the processing of your data? GEDESER XXI S.L. Plaza De Espa\u00f1a 3-12\u00aa 46007 &#8211; (Valencia) &#8211; Valencia\/val\u00e8ncia &#8211; Spain CIF: B97205074 Contact data of the data protection officer:\u00a0 vmcompeticion@vmcompeticion.com You can contact us in[&#8230;] <\/p>\n<p class=\"mt-15\"><a class=\"btn btn-color btn-sm\" href=\"https:\/\/vmcompeticion.com\/en\/privacy-policy\/\">Read More<\/a><\/p>\n","protected":false},"author":1,"featured_media":0,"parent":0,"menu_order":0,"comment_status":"closed","ping_status":"closed","template":"","meta":{"inline_featured_image":false,"footnotes":""},"class_list":["post-2020","page","type-page","status-publish","hentry"],"yoast_head":"<!-- This site is optimized with the Yoast SEO plugin v27.4 - https:\/\/yoast.com\/product\/yoast-seo-wordpress\/ -->\n<title>Privacy policy - VM Competici\u00f3n<\/title>\n<meta name=\"description\" content=\"The privacy policy is part of the general conditions that apply to this website.Who is responsible for the processing of your data?\" \/>\n<meta name=\"robots\" content=\"index, follow, max-snippet:-1, max-image-preview:large, max-video-preview:-1\" \/>\n<link rel=\"canonical\" href=\"https:\/\/vmcompeticion.com\/en\/privacy-policy\/\" \/>\n<meta property=\"og:locale\" content=\"en_US\" \/>\n<meta property=\"og:type\" content=\"article\" \/>\n<meta property=\"og:title\" content=\"Privacy policy - VM Competici\u00f3n\" \/>\n<meta property=\"og:description\" content=\"The privacy policy is part of the general conditions that apply to this website. Who is responsible for the processing of your data?\" \/>\n<meta property=\"og:url\" content=\"https:\/\/vmcompeticion.com\/en\/privacy-policy\/\" \/>\n<meta property=\"og:site_name\" content=\"VM Competici\u00f3n\" \/>\n<meta property=\"article:publisher\" content=\"https:\/\/www.facebook.com\/vm.competicion.2016\" \/>\n<meta property=\"article:modified_time\" content=\"2019-05-12T16:48:52+00:00\" \/>\n<meta name=\"twitter:card\" content=\"summary_large_image\" \/>\n<meta name=\"twitter:title\" content=\"Privacy policy - VM Competici\u00f3n\" \/>\n<meta name=\"twitter:description\" content=\"The privacy policy is part of the general conditions that apply to this website. Who is responsible for the processing of your data?\" \/>\n<meta name=\"twitter:site\" content=\"@vmcompeticion\" \/>\n<meta name=\"twitter:label1\" content=\"Est. reading time\" \/>\n\t<meta name=\"twitter:data1\" content=\"10 minutes\" \/>\n<script type=\"application\/ld+json\" class=\"yoast-schema-graph\">{\"@context\":\"https:\\\/\\\/schema.org\",\"@graph\":[{\"@type\":\"WebPage\",\"@id\":\"https:\\\/\\\/vmcompeticion.com\\\/en\\\/privacy-policy\\\/\",\"url\":\"https:\\\/\\\/vmcompeticion.com\\\/en\\\/privacy-policy\\\/\",\"name\":\"Privacy policy - VM Competici\u00f3n\",\"isPartOf\":{\"@id\":\"https:\\\/\\\/vmcompeticion.com\\\/en\\\/#website\"},\"datePublished\":\"2019-05-12T16:37:16+00:00\",\"dateModified\":\"2019-05-12T16:48:52+00:00\",\"description\":\"The privacy policy is part of the general conditions that apply to this website.Who is responsible for the processing of your data?\",\"breadcrumb\":{\"@id\":\"https:\\\/\\\/vmcompeticion.com\\\/en\\\/privacy-policy\\\/#breadcrumb\"},\"inLanguage\":\"en-US\",\"potentialAction\":[{\"@type\":\"ReadAction\",\"target\":[\"https:\\\/\\\/vmcompeticion.com\\\/en\\\/privacy-policy\\\/\"]}]},{\"@type\":\"BreadcrumbList\",\"@id\":\"https:\\\/\\\/vmcompeticion.com\\\/en\\\/privacy-policy\\\/#breadcrumb\",\"itemListElement\":[{\"@type\":\"ListItem\",\"position\":1,\"name\":\"Portada\",\"item\":\"https:\\\/\\\/vmcompeticion.com\\\/en\\\/\"},{\"@type\":\"ListItem\",\"position\":2,\"name\":\"Privacy policy\"}]},{\"@type\":\"WebSite\",\"@id\":\"https:\\\/\\\/vmcompeticion.com\\\/en\\\/#website\",\"url\":\"https:\\\/\\\/vmcompeticion.com\\\/en\\\/\",\"name\":\"VM Competici\u00f3n\",\"description\":\"Veh\u00edculos de competici\u00f3n Off-Road\",\"potentialAction\":[{\"@type\":\"SearchAction\",\"target\":{\"@type\":\"EntryPoint\",\"urlTemplate\":\"https:\\\/\\\/vmcompeticion.com\\\/en\\\/?s={search_term_string}\"},\"query-input\":{\"@type\":\"PropertyValueSpecification\",\"valueRequired\":true,\"valueName\":\"search_term_string\"}}],\"inLanguage\":\"en-US\"}]}<\/script>\n<!-- \/ Yoast SEO plugin. -->","yoast_head_json":{"title":"Privacy policy - VM Competici\u00f3n","description":"The privacy policy is part of the general conditions that apply to this website.Who is responsible for the processing of your data?","robots":{"index":"index","follow":"follow","max-snippet":"max-snippet:-1","max-image-preview":"max-image-preview:large","max-video-preview":"max-video-preview:-1"},"canonical":"https:\/\/vmcompeticion.com\/en\/privacy-policy\/","og_locale":"en_US","og_type":"article","og_title":"Privacy policy - VM Competici\u00f3n","og_description":"The privacy policy is part of the general conditions that apply to this website. Who is responsible for the processing of your data?","og_url":"https:\/\/vmcompeticion.com\/en\/privacy-policy\/","og_site_name":"VM Competici\u00f3n","article_publisher":"https:\/\/www.facebook.com\/vm.competicion.2016","article_modified_time":"2019-05-12T16:48:52+00:00","twitter_card":"summary_large_image","twitter_title":"Privacy policy - VM Competici\u00f3n","twitter_description":"The privacy policy is part of the general conditions that apply to this website. Who is responsible for the processing of your data?","twitter_site":"@vmcompeticion","twitter_misc":{"Est. reading time":"10 minutes"},"schema":{"@context":"https:\/\/schema.org","@graph":[{"@type":"WebPage","@id":"https:\/\/vmcompeticion.com\/en\/privacy-policy\/","url":"https:\/\/vmcompeticion.com\/en\/privacy-policy\/","name":"Privacy policy - VM Competici\u00f3n","isPartOf":{"@id":"https:\/\/vmcompeticion.com\/en\/#website"},"datePublished":"2019-05-12T16:37:16+00:00","dateModified":"2019-05-12T16:48:52+00:00","description":"The privacy policy is part of the general conditions that apply to this website.Who is responsible for the processing of your data?","breadcrumb":{"@id":"https:\/\/vmcompeticion.com\/en\/privacy-policy\/#breadcrumb"},"inLanguage":"en-US","potentialAction":[{"@type":"ReadAction","target":["https:\/\/vmcompeticion.com\/en\/privacy-policy\/"]}]},{"@type":"BreadcrumbList","@id":"https:\/\/vmcompeticion.com\/en\/privacy-policy\/#breadcrumb","itemListElement":[{"@type":"ListItem","position":1,"name":"Portada","item":"https:\/\/vmcompeticion.com\/en\/"},{"@type":"ListItem","position":2,"name":"Privacy policy"}]},{"@type":"WebSite","@id":"https:\/\/vmcompeticion.com\/en\/#website","url":"https:\/\/vmcompeticion.com\/en\/","name":"VM Competici\u00f3n","description":"Veh\u00edculos de competici\u00f3n Off-Road","potentialAction":[{"@type":"SearchAction","target":{"@type":"EntryPoint","urlTemplate":"https:\/\/vmcompeticion.com\/en\/?s={search_term_string}"},"query-input":{"@type":"PropertyValueSpecification","valueRequired":true,"valueName":"search_term_string"}}],"inLanguage":"en-US"}]}},"_links":{"self":[{"href":"https:\/\/vmcompeticion.com\/en\/wp-json\/wp\/v2\/pages\/2020","targetHints":{"allow":["GET"]}}],"collection":[{"href":"https:\/\/vmcompeticion.com\/en\/wp-json\/wp\/v2\/pages"}],"about":[{"href":"https:\/\/vmcompeticion.com\/en\/wp-json\/wp\/v2\/types\/page"}],"author":[{"embeddable":true,"href":"https:\/\/vmcompeticion.com\/en\/wp-json\/wp\/v2\/users\/1"}],"replies":[{"embeddable":true,"href":"https:\/\/vmcompeticion.com\/en\/wp-json\/wp\/v2\/comments?post=2020"}],"version-history":[{"count":2,"href":"https:\/\/vmcompeticion.com\/en\/wp-json\/wp\/v2\/pages\/2020\/revisions"}],"predecessor-version":[{"id":2022,"href":"https:\/\/vmcompeticion.com\/en\/wp-json\/wp\/v2\/pages\/2020\/revisions\/2022"}],"wp:attachment":[{"href":"https:\/\/vmcompeticion.com\/en\/wp-json\/wp\/v2\/media?parent=2020"}],"curies":[{"name":"wp","href":"https:\/\/api.w.org\/{rel}","templated":true}]}}